{"id":107,"date":"2019-09-22T09:06:19","date_gmt":"2019-09-22T09:06:19","guid":{"rendered":"http:\/\/guido-rosch.de\/?page_id=107"},"modified":"2019-10-09T17:53:16","modified_gmt":"2019-10-09T17:53:16","slug":"impressum","status":"publish","type":"page","link":"https:\/\/guido-rosch.de\/?page_id=107","title":{"rendered":"Impressum"},"content":{"rendered":"<p>[et_pb_section fb_built=&#8221;1&#8243; _builder_version=&#8221;3.19.9&#8243;][et_pb_row _builder_version=&#8221;3.19.9&#8243;][et_pb_column type=&#8221;4_4&#8243; _builder_version=&#8221;3.19.9&#8243; parallax=&#8221;off&#8221; parallax_method=&#8221;on&#8221;][et_pb_text _builder_version=&#8221;3.19.9&#8243; header_font=&#8221;|600|||||||&#8221;]<\/p>\n<h1 class=\"p1\">Impressum<\/h1>\n<p>&nbsp;<\/p>\n<p class=\"p2\">Hinweis: Falls Ihnen auf meiner Interseite ein abmahnf\u00e4higes Verhalten auffallen sollte, ich einen Link benutze, der nicht autorisiert ist oder \u00e4hnliches, benutzen Sie doch vorab das Kontaktformular, anstatt die Kosten fu\u0308r eine Abmahnung auf den Postweg zu veranlassen.<br \/> Inhaltlich verantwortlich:<br \/> Guido Rosch<br \/> <a href=\"mailto:%20post@guido-rosch.de\">post@guido-rosch.de<\/a><br \/> <a href=\"tel:%2001776230078\">0177 6230078<\/a><br \/> Haftungsausschluss<br \/> <strong>1. Inhalt des Onlineangebotes<\/strong><br \/> Der Autor u\u0308bernimmt keinerlei Gew\u00e4hr fu\u0308r die Aktualit\u00e4t, Richtigkeit und Vollst\u00e4ndigkeit der bereitgestellten Informationen auf unserer Website.<br \/> Haftungsanspru\u0308che gegen den Autor, welche sich auf Sch\u00e4den materieller oder ideeller Art beziehen, die durch die Nutzung oder Nichtnutzung der dargebotenen Informationen bzw. durch die Nutzung fehlerhafter und unvollst\u00e4ndiger Informationen verursacht wurden, sind grunds\u00e4tzlich ausgeschlossen, sofern seitens des Autors kein nachweislich vors\u00e4tzliches oder grob fahrl\u00e4ssiges Verschulden vorliegt.<br \/> Alle Angebote sind freibleibend und unverbindlich. Der Autor beh\u00e4lt es sich ausdru\u0308cklich vor, Teile der Seiten oder das gesamte Angebot ohne gesonderte Anku\u0308ndigung zu ver\u00e4ndern, zu erg\u00e4nzen, zu l\u00f6schen oder die Ver\u00f6ffentlichung zeitweise oder endgu\u0308ltig einzustellen.<br \/> <strong>2. Verweise und Links<\/strong><br \/> Bei direkten oder indirekten Verweisen auf fremde Webseiten (\u201cHyperlinks\u201d), die au\u00dferhalb des Verantwortungsbereiches des Autors liegen, wu\u0308rde eine Haftungsverpflichtung ausschlie\u00dflich in dem Fall in Kraft treten, in dem der Autor von den Inhalten Kenntnis hat und es ihm technisch m\u00f6glich und zumutbar w\u00e4re, die Nutzung im Falle rechtswidriger Inhalte zu verhindern.<br \/> Der Autor erkl\u00e4rt hiermit ausdru\u0308cklich, dass zum Zeitpunkt der Linksetzung keine illegalen Inhalte auf den zu verlinkenden Seiten erkennbar waren. Auf die aktuelle und zuku\u0308nftige Gestaltung, die Inhalte oder die Urheberschaft der verlinkten\/verknu\u0308pften Seiten hat der Autor keinerlei Einfluss. Deshalb distanziert er sich hiermit ausdru\u0308cklich von allen Inhalten aller verlinkten \/verknu\u0308pften Seiten, die nach der Linksetzung ver\u00e4ndert wurden. Diese Feststellung gilt fu\u0308r alle innerhalb des eigenen Internetangebotes gesetzten Links und Verweise sowie fu\u0308r Fremdeintr\u00e4ge in vom Autor eingerichteten G\u00e4stebu\u0308chern, Diskussionsforen, Linkverzeichnissen, Mailinglisten und in allen anderen Formen von Datenbanken, auf deren Inhalt externe Schreibzugriffe m\u00f6glich sind. Fu\u0308r illegale, fehlerhafte oder unvollst\u00e4ndige Inhalte und insbesondere fu\u0308r Sch\u00e4den, die aus der Nutzung oder Nichtnutzung solcherart dargebotener Informationen entstehen, haftet allein der Anbieter der Seite, auf welche verwiesen wurde, nicht derjenige, der u\u0308ber Links auf die jeweilige Ver\u00f6ffentlichung lediglich verweist.<br \/> <strong>3. Urheber- und Kennzeichenrecht<\/strong><br \/> Der Autor ist bestrebt, in allen Publikationen die Urheberrechte der verwendeten Bilder, Grafiken, Tondokumente, Videosequenzen und Texte zu beachten, von ihm selbst erstellte Bilder, Grafiken, Tondokumente, Videosequenzen und Texte zu nutzen oder auf lizenzfreie Grafiken, Tondokumente, Videosequenzen und Texte zuru\u0308ckzugreifen.<br \/> Alle innerhalb des Internetangebotes genannten und ggf. durch Dritte geschu\u0308tzten Marken- und Warenzeichen unterliegen uneingeschr\u00e4nkt den Bestimmungen des jeweils gu\u0308ltigen Kennzeichenrechts und den Besitzrechten der jeweiligen eingetragenen Eigentu\u0308mer. Allein aufgrund der blo\u00dfen Nennung ist nicht der Schluss zu ziehen, dass Markenzeichen nicht durch Rechte Dritter geschu\u0308tzt sind!<br \/> Das Copyright fu\u0308r ver\u00f6ffentlichte, vom Autor selbst erstellte Objekte bleibt allein beim Autor der Seiten. Eine Vervielf\u00e4ltigung oder Verwendung solcher Grafiken, Tondokumente, Videosequenzen und Texte in anderen elektronischen oder gedruckten Publikationen ist ohne ausdru\u0308ckliche Zustimmung des Autors nicht gestattet.<br \/> <strong>4. Datenschutz<\/strong><br \/> Sofern innerhalb des Internetangebotes die M\u00f6glichkeit zur Eingabe pers\u00f6nlicher oder gesch\u00e4ftlicher Daten (Emailadressen, Namen, Anschriften) besteht, so erfolgt die Preisgabe dieser Daten seitens des Nutzers auf ausdru\u0308cklich freiwilliger Basis. Die Inanspruchnahme und Bezahlung aller angebotenen Dienste ist \u2013 soweit technisch m\u00f6glich und zumutbar \u2013 auch ohne Angabe solcher Daten bzw. unter Angabe anonymisierter Daten oder eines Pseudonyms gestattet. Die Nutzung der im Rahmen des Impressums oder vergleichbarer Angaben ver\u00f6ffentlichten Kontaktdaten wie Postanschriften, Telefon- und Faxnummern sowie Emailadressen durch Dritte zur \u00dcbersendung von nicht ausdru\u0308cklich angeforderten Informationen ist nicht gestattet.<br \/> Rechtliche Schritte gegen die Versender von sogenannten Spam-Mails bei Verst\u00f6\u00dfen gegen dieses Verbot sind ausdru\u0308cklich vorbehalten.<br \/> <strong>5. Google Adsense<\/strong><br \/> Diese Website benutzt Google Adsense, einen Webanzeigendienst der Google Inc., USA (\u201cGoogle\u201d). Google Adsense verwendet sog. \u201cCookies\u201d (Textdateien), die auf Ihrem Computer gespeichert werden und die eine Analyse der Benutzung der Website durch Sie erm\u00f6glicht. Google Adsense verwendet auch sog. \u201cWeb Beacons\u201d (kleine unsichtbare Grafiken) zur Sammlung von Informationen. Durch die Verwendung des Web Beacons k\u00f6nnen einfache Aktionen wie der Besucherverkehr auf der Webseite aufgezeichnet und gesammelt werden. Die durch Cookies und\/oder Web Beacon erzeugten Informationen u\u0308ber Ihre Benutzung diese Website (einschlie\u00dflich Ihrer IP-Adresse) werden an einen Server von Google in den USA u\u0308bertragen und dort gespeichert. Google wird diese Informationen benutzen, um Ihre Nutzung der Website im Hinblick auf die Anzeigen auszuwerten, um Reports u\u0308ber die Websiteaktivit\u00e4ten und Anzeigen fu\u0308r die Websitebetreiber zusammenzustellen und um weitere mit der Websitenutzung und der Internetnutzung verbundene Dienstleistungen zu erbringen. Auch wird Google diese Informationen gegebenenfalls an Dritte u\u0308bertragen, sofern dies gesetzlich vorgeschrieben oder soweit Dritte diese Daten im Auftrag von Google verarbeiten.<br \/> Google wird in keinem Fall Ihre IP-Adresse mit anderen Daten der Google in Verbindung bringen. Das Speichern von Cookies auf Ihrer Festplatte und die Anzeige von Web Beacons k\u00f6nnen Sie verhindern, indem Sie in Ihren Browser-Einstellungen \u201ckeine Cookies akzeptieren\u201d w\u00e4hlen (Im MS Internet-Explorer unter \u201cExtras &gt; Internetoptionen &gt; Datenschutz &gt; Einstellung\u201d; im Firefox unter \u201cExtras &gt; Einstellungen &gt; Datenschutz &gt; Cookies\u201d); wir weisen Sie jedoch darauf hin, dass Sie in diesem Fall gegebenenfalls nicht s\u00e4mtliche Funktionen dieser Website voll umf\u00e4nglich nutzen k\u00f6nnen. Durch die Nutzung dieser Website erkl\u00e4ren Sie sich mit der Bearbeitung der u\u0308ber Sie erhobenen Daten durch Google in der zuvor beschriebenen Art und Weise und zu dem zuvor benannten Zweck einverstanden.<br \/> <strong>6. Google Analytics &amp; Piwik<\/strong><br \/> Diese Website benutzt Google Analytics, einen Webanalysedienst der Google Inc.<br \/> (\u201cGoogle\u201d). Google Analytics verwendet sog. \u201cCookies\u201d, Textdateien, die auf Ihrem Computer gespeichert werden und die eine Analyse der Benutzung der Website durch Sie erm\u00f6glicht. Die durch Cookies erzeugten Informationen u\u0308ber Ihre Benutzung diese Website (einschlie\u00dflich Ihrer IP-Adresse) wird an einen Server von Google in den USA u\u0308bertragen und dort gespeichert. Google wird diese Informationen benutzen, um Ihre Nutzung der Website auszuwerten, um Reports u\u0308ber die Websiteaktivit\u00e4ten fu\u0308r die Websitebetreiber zusammenzustellen und um weitere mit der Websitenutzung und der Internetnutzung verbundene Dienstleistungen zu erbringen. Auch wird Google diese Informationen gegebenenfalls an Dritte u\u0308bertragen, sofern dies gesetzlich vorgeschrieben oder soweit Dritte diese Daten im Auftrag von Google verarbeiten.<br \/> Google wird in keinem Fall Ihre IP-Adresse mit anderen Daten der Google in Verbindung bringen. Sie k\u00f6nnen die Installation der Cookies durch eine entsprechende Einstellung Ihrer Browser Software verhindern; wir weisen Sie jedoch darauf hin, dass Sie in diesem Fall gegebenenfalls nicht s\u00e4mtliche Funktionen dieser Website voll umf\u00e4nglich nutzen k\u00f6nnen. Durch die Nutzung dieser Website erkl\u00e4ren Sie sich mit der Bearbeitung der u\u0308ber Sie erhobenen Daten durch Google in der zuvor beschriebenen Art und Weise und zu dem zuvor benannten Zweck einverstanden.<br \/> Diese Website benutzt Piwik, eine Open-Source-Software zur statistischen Auswertung der Besucherzugriffe. Piwik verwendet sog. \u201cCookies\u201d, Textdateien, die auf Ihrem Computer gespeichert werden und die eine Analyse der Benutzung der Website durch Sie erm\u00f6glichen. Die durch Cookies erzeugten Informationen u\u0308ber Ihre Benutzung dieses Internetangebotes werden auf dem Server des Anbieters in Deutschland gespeichert. Die IP-Adresse wird sofort nach der Verarbeitung und vor deren Speicherung anonymisiert.<br \/> <strong>7. Rechtswirksamkeit dieses Haftungsausschlusses<\/strong><br \/> Dieser Haftungsausschluss ist als Teil des Internetangebotes zu betrachten, von dem aus auf diese Seite verwiesen wurde. Sofern Teile oder einzelne Formulierungen dieses Textes der geltenden Rechtslage nicht, nicht mehr oder nicht vollst\u00e4ndig entsprechen sollten, bleiben die u\u0308brigen Teile des Dokumentes in ihrem Inhalt und ihrer Gu\u0308ltigkeit davon unberu\u0308hrt.<\/p>\n<p>[\/et_pb_text][\/et_pb_column][\/et_pb_row][\/et_pb_section]<\/p>\n","protected":false},"excerpt":{"rendered":"<p>[et_pb_section fb_built=&#8221;1&#8243; _builder_version=&#8221;3.19.9&#8243;][et_pb_row _builder_version=&#8221;3.19.9&#8243;][et_pb_column type=&#8221;4_4&#8243; _builder_version=&#8221;3.19.9&#8243; parallax=&#8221;off&#8221; parallax_method=&#8221;on&#8221;][et_pb_text _builder_version=&#8221;3.19.9&#8243; header_font=&#8221;|600|||||||&#8221;] Impressum &nbsp; Hinweis: Falls Ihnen auf meiner Interseite ein abmahnf\u00e4higes Verhalten auffallen sollte, ich einen Link benutze, der nicht autorisiert ist oder \u00e4hnliches, benutzen Sie doch vorab das Kontaktformular, anstatt die Kosten fu\u0308r eine Abmahnung auf den Postweg zu veranlassen. Inhaltlich verantwortlich: Guido Rosch post@guido-rosch.de [&hellip;]<\/p>\n","protected":false},"author":1,"featured_media":0,"parent":0,"menu_order":0,"comment_status":"closed","ping_status":"closed","template":"","meta":{"_et_pb_use_builder":"on","_et_pb_old_content":""},"_links":{"self":[{"href":"https:\/\/guido-rosch.de\/index.php?rest_route=\/wp\/v2\/pages\/107"}],"collection":[{"href":"https:\/\/guido-rosch.de\/index.php?rest_route=\/wp\/v2\/pages"}],"about":[{"href":"https:\/\/guido-rosch.de\/index.php?rest_route=\/wp\/v2\/types\/page"}],"author":[{"embeddable":true,"href":"https:\/\/guido-rosch.de\/index.php?rest_route=\/wp\/v2\/users\/1"}],"replies":[{"embeddable":true,"href":"https:\/\/guido-rosch.de\/index.php?rest_route=%2Fwp%2Fv2%2Fcomments&post=107"}],"version-history":[{"count":9,"href":"https:\/\/guido-rosch.de\/index.php?rest_route=\/wp\/v2\/pages\/107\/revisions"}],"predecessor-version":[{"id":337,"href":"https:\/\/guido-rosch.de\/index.php?rest_route=\/wp\/v2\/pages\/107\/revisions\/337"}],"wp:attachment":[{"href":"https:\/\/guido-rosch.de\/index.php?rest_route=%2Fwp%2Fv2%2Fmedia&parent=107"}],"curies":[{"name":"wp","href":"https:\/\/api.w.org\/{rel}","templated":true}]}}